{"id":108801,"date":"2025-02-26T09:36:38","date_gmt":"2025-02-26T09:36:38","guid":{"rendered":"https:\/\/flyscoot.voyeglobal.com\/?page_id=108801"},"modified":"2025-03-05T18:52:42","modified_gmt":"2025-03-05T18:52:42","slug":"refund_returns","status":"publish","type":"page","link":"https:\/\/flyscoot.voyeglobal.com\/es\/refund_returns\/","title":{"rendered":"Pol\u00edtica de devoluciones"},"content":{"rendered":"\n<p>Esta Pol\u00edtica de Reembolso forma parte de los T\u00e9rminos y Condiciones de Voye.<\/p>\n\n\n\n<ol start=\"1\" class=\"wp-block-list\">\n<li><strong>Solicitud de reembolso<\/strong>. Podr\u00e1s solicitar el reembolso en un plazo de treinta (30) d\u00edas a partir de la fecha de compra si la ESIM no puede instalarse y\/o utilizarse debido a un problema t\u00e9cnico originado por Voye y dicho problema t\u00e9cnico no puede resolverse en el momento oportuno.  <\/li>\n\n\n\n<li><strong>Cooperaci\u00f3n<\/strong>. Tu cooperaci\u00f3n para intentar resolver r\u00e1pidamente el problema t\u00e9cnico es crucial, ya que si no lo haces puede que se deniegue el reembolso.  <\/li>\n\n\n\n<li><strong>Periodo de<\/strong> validez. Cada Plan tiene su propio periodo de validez. No se reembolsar\u00e1 el cr\u00e9dito restante una vez finalizado el periodo de validez.<\/li>\n\n\n\n<li><strong>Forma de reembolso<\/strong>. Los reembolsos se emiten a trav\u00e9s del mismo instrumento de pago (es decir, tarjeta de cr\u00e9dito) utilizado para realizar la compra. Una vez procesado el reembolso, puede tardar un tiempo en aparecer en la tarjeta de cr\u00e9dito o en el extracto correspondiente.<\/li>\n\n\n\n<li><strong>Proceso de reembolso<\/strong>. Cada solicitud de devoluci\u00f3n estar\u00e1 sujeta a investigaci\u00f3n y aprobaci\u00f3n antes de ser efectuada. Si se aprueba la devoluci\u00f3n, puede aplicarse una tasa de tramitaci\u00f3n. El reembolso m\u00e1ximo ser\u00e1 igual o inferior al importe total pagado por los Servicios, con respecto a los cuales hubo un problema t\u00e9cnico.<\/li>\n\n\n\n<li><strong>Denegaci\u00f3n del reembolso<\/strong>. Voye se reserva el derecho a rechazar cualquier forma de reembolso si existen pruebas de abuso, violaci\u00f3n de nuestros t\u00e9rminos y condiciones o cualquier actividad fraudulenta relacionada con el uso de los Servicios de Voye.<\/li>\n<\/ol>\n","protected":false},"excerpt":{"rendered":"<p>Esta Pol\u00edtica de Reembolso forma parte de los T\u00e9rminos y Condiciones de Voye.<\/p>\n","protected":false},"author":528,"featured_media":0,"parent":0,"menu_order":0,"comment_status":"closed","ping_status":"closed","template":"views\/tpl-content.php","meta":{"_acf_changed":false,"footnotes":""},"class_list":["post-108801","page","type-page","status-publish","hentry"],"acf":[],"yoast_head":"<!-- This site is optimized with the Yoast SEO plugin v25.6 - https:\/\/yoast.com\/wordpress\/plugins\/seo\/ -->\n<title>Pol\u00edtica de devoluciones - Flyscoot<\/title>\n<meta name=\"robots\" content=\"noindex, nofollow\" \/>\n<meta property=\"og:locale\" content=\"es_ES\" \/>\n<meta property=\"og:type\" content=\"article\" \/>\n<meta property=\"og:title\" content=\"Pol\u00edtica de devoluciones - Flyscoot\" \/>\n<meta property=\"og:description\" content=\"Esta Pol\u00edtica de Reembolso forma parte de los T\u00e9rminos y Condiciones de Voye.\" \/>\n<meta property=\"og:url\" content=\"https:\/\/flyscoot.voyeglobal.com\/es\/refund_returns\/\" \/>\n<meta property=\"og:site_name\" content=\"Flyscoot\" \/>\n<meta property=\"article:modified_time\" content=\"2025-03-05T18:52:42+00:00\" \/>\n<meta name=\"twitter:card\" content=\"summary_large_image\" \/>\n<meta name=\"twitter:label1\" content=\"Tiempo de lectura\" \/>\n\t<meta name=\"twitter:data1\" content=\"2 minutos\" \/>\n<script type=\"application\/ld+json\" class=\"yoast-schema-graph\">{\"@context\":\"https:\/\/schema.org\",\"@graph\":[{\"@type\":\"WebPage\",\"@id\":\"https:\/\/flyscoot.voyeglobal.com\/es\/refund_returns\/\",\"url\":\"https:\/\/flyscoot.voyeglobal.com\/es\/refund_returns\/\",\"name\":\"Pol\u00edtica de devoluciones - Flyscoot\",\"isPartOf\":{\"@id\":\"https:\/\/flyscoot.voyeglobal.com\/es\/#website\"},\"datePublished\":\"2025-02-26T09:36:38+00:00\",\"dateModified\":\"2025-03-05T18:52:42+00:00\",\"breadcrumb\":{\"@id\":\"https:\/\/flyscoot.voyeglobal.com\/es\/refund_returns\/#breadcrumb\"},\"inLanguage\":\"es\",\"potentialAction\":[{\"@type\":\"ReadAction\",\"target\":[\"https:\/\/flyscoot.voyeglobal.com\/es\/refund_returns\/\"]}]},{\"@type\":\"BreadcrumbList\",\"@id\":\"https:\/\/flyscoot.voyeglobal.com\/es\/refund_returns\/#breadcrumb\",\"itemListElement\":[{\"@type\":\"ListItem\",\"position\":1,\"name\":\"Home\",\"item\":\"https:\/\/flyscoot.voyeglobal.com\/es\/\"},{\"@type\":\"ListItem\",\"position\":2,\"name\":\"Pol\u00edtica de devoluciones\"}]},{\"@type\":\"WebSite\",\"@id\":\"https:\/\/flyscoot.voyeglobal.com\/es\/#website\",\"url\":\"https:\/\/flyscoot.voyeglobal.com\/es\/\",\"name\":\"Flyscoot Voye Global\",\"description\":\"\",\"potentialAction\":[{\"@type\":\"SearchAction\",\"target\":{\"@type\":\"EntryPoint\",\"urlTemplate\":\"https:\/\/flyscoot.voyeglobal.com\/es\/?s={search_term_string}\"},\"query-input\":{\"@type\":\"PropertyValueSpecification\",\"valueRequired\":true,\"valueName\":\"search_term_string\"}}],\"inLanguage\":\"es\"}]}<\/script>\n<!-- \/ Yoast SEO plugin. -->","yoast_head_json":{"title":"Pol\u00edtica de devoluciones - Flyscoot","robots":{"index":"noindex","follow":"nofollow"},"og_locale":"es_ES","og_type":"article","og_title":"Pol\u00edtica de devoluciones - Flyscoot","og_description":"Esta Pol\u00edtica de Reembolso forma parte de los T\u00e9rminos y Condiciones de Voye.","og_url":"https:\/\/flyscoot.voyeglobal.com\/es\/refund_returns\/","og_site_name":"Flyscoot","article_modified_time":"2025-03-05T18:52:42+00:00","twitter_card":"summary_large_image","twitter_misc":{"Tiempo de lectura":"2 minutos"},"schema":{"@context":"https:\/\/schema.org","@graph":[{"@type":"WebPage","@id":"https:\/\/flyscoot.voyeglobal.com\/es\/refund_returns\/","url":"https:\/\/flyscoot.voyeglobal.com\/es\/refund_returns\/","name":"Pol\u00edtica de devoluciones - Flyscoot","isPartOf":{"@id":"https:\/\/flyscoot.voyeglobal.com\/es\/#website"},"datePublished":"2025-02-26T09:36:38+00:00","dateModified":"2025-03-05T18:52:42+00:00","breadcrumb":{"@id":"https:\/\/flyscoot.voyeglobal.com\/es\/refund_returns\/#breadcrumb"},"inLanguage":"es","potentialAction":[{"@type":"ReadAction","target":["https:\/\/flyscoot.voyeglobal.com\/es\/refund_returns\/"]}]},{"@type":"BreadcrumbList","@id":"https:\/\/flyscoot.voyeglobal.com\/es\/refund_returns\/#breadcrumb","itemListElement":[{"@type":"ListItem","position":1,"name":"Home","item":"https:\/\/flyscoot.voyeglobal.com\/es\/"},{"@type":"ListItem","position":2,"name":"Pol\u00edtica de devoluciones"}]},{"@type":"WebSite","@id":"https:\/\/flyscoot.voyeglobal.com\/es\/#website","url":"https:\/\/flyscoot.voyeglobal.com\/es\/","name":"Flyscoot Voye Global","description":"","potentialAction":[{"@type":"SearchAction","target":{"@type":"EntryPoint","urlTemplate":"https:\/\/flyscoot.voyeglobal.com\/es\/?s={search_term_string}"},"query-input":{"@type":"PropertyValueSpecification","valueRequired":true,"valueName":"search_term_string"}}],"inLanguage":"es"}]}},"_links":{"self":[{"href":"https:\/\/flyscoot.voyeglobal.com\/es\/wp-json\/wp\/v2\/pages\/108801","targetHints":{"allow":["GET"]}}],"collection":[{"href":"https:\/\/flyscoot.voyeglobal.com\/es\/wp-json\/wp\/v2\/pages"}],"about":[{"href":"https:\/\/flyscoot.voyeglobal.com\/es\/wp-json\/wp\/v2\/types\/page"}],"author":[{"embeddable":true,"href":"https:\/\/flyscoot.voyeglobal.com\/es\/wp-json\/wp\/v2\/users\/528"}],"replies":[{"embeddable":true,"href":"https:\/\/flyscoot.voyeglobal.com\/es\/wp-json\/wp\/v2\/comments?post=108801"}],"version-history":[{"count":2,"href":"https:\/\/flyscoot.voyeglobal.com\/es\/wp-json\/wp\/v2\/pages\/108801\/revisions"}],"predecessor-version":[{"id":108821,"href":"https:\/\/flyscoot.voyeglobal.com\/es\/wp-json\/wp\/v2\/pages\/108801\/revisions\/108821"}],"wp:attachment":[{"href":"https:\/\/flyscoot.voyeglobal.com\/es\/wp-json\/wp\/v2\/media?parent=108801"}],"curies":[{"name":"wp","href":"https:\/\/api.w.org\/{rel}","templated":true}]}}