{"id":103078,"date":"2025-02-26T10:20:48","date_gmt":"2025-02-26T10:20:48","guid":{"rendered":"https:\/\/flyscoot.voyeglobal.com\/installation-guide\/"},"modified":"2025-10-08T09:00:13","modified_gmt":"2025-10-08T09:00:13","slug":"installation-guide","status":"publish","type":"page","link":"https:\/\/flyscoot.voyeglobal.com\/fr\/installation-guide\/","title":{"rendered":"Guide d\u2019installation"},"content":{"rendered":"\n<p>Trouvez des instructions d\u00e9taill\u00e9es, notamment une vid\u00e9o et des conseils importants sur la fa\u00e7on d\u2019installer votre eSIM sur votre appareil Android ou IOS<\/p>\n\n\n\n<p><\/p>\n","protected":false},"excerpt":{"rendered":"<p>Trouvez des instructions d\u00e9taill\u00e9es, notamment une vid\u00e9o et des conseils importants sur la fa\u00e7on d\u2019installer votre eSIM sur votre appareil Android ou IOS<\/p>\n","protected":false},"author":528,"featured_media":0,"parent":0,"menu_order":0,"comment_status":"closed","ping_status":"closed","template":"views\/tpl-how-to-install.php","meta":{"_acf_changed":false,"footnotes":""},"class_list":["post-103078","page","type-page","status-publish","hentry"],"acf":[],"yoast_head":"<!-- This site is optimized with the Yoast SEO plugin v25.6 - https:\/\/yoast.com\/wordpress\/plugins\/seo\/ -->\n<title>Guide d\u2019installation - Flyscoot<\/title>\n<meta name=\"robots\" content=\"noindex, nofollow\" \/>\n<meta property=\"og:locale\" content=\"fr_FR\" \/>\n<meta property=\"og:type\" content=\"article\" \/>\n<meta property=\"og:title\" content=\"Guide d\u2019installation - Flyscoot\" \/>\n<meta property=\"og:description\" content=\"Trouvez des instructions d\u00e9taill\u00e9es, notamment une vid\u00e9o et des conseils importants sur la fa\u00e7on d\u2019installer votre eSIM sur votre appareil Android ou IOS\" \/>\n<meta property=\"og:url\" content=\"https:\/\/flyscoot.voyeglobal.com\/fr\/installation-guide\/\" \/>\n<meta property=\"og:site_name\" content=\"Flyscoot\" \/>\n<meta property=\"article:modified_time\" content=\"2025-10-08T09:00:13+00:00\" \/>\n<meta name=\"twitter:card\" content=\"summary_large_image\" \/>\n<meta name=\"twitter:label1\" content=\"Dur\u00e9e de lecture estim\u00e9e\" \/>\n\t<meta name=\"twitter:data1\" content=\"1 minute\" \/>\n<script type=\"application\/ld+json\" class=\"yoast-schema-graph\">{\"@context\":\"https:\/\/schema.org\",\"@graph\":[{\"@type\":\"WebPage\",\"@id\":\"https:\/\/flyscoot.voyeglobal.com\/fr\/installation-guide\/\",\"url\":\"https:\/\/flyscoot.voyeglobal.com\/fr\/installation-guide\/\",\"name\":\"Guide d\u2019installation - Flyscoot\",\"isPartOf\":{\"@id\":\"https:\/\/flyscoot.voyeglobal.com\/fr\/#website\"},\"datePublished\":\"2025-02-26T10:20:48+00:00\",\"dateModified\":\"2025-10-08T09:00:13+00:00\",\"breadcrumb\":{\"@id\":\"https:\/\/flyscoot.voyeglobal.com\/fr\/installation-guide\/#breadcrumb\"},\"inLanguage\":\"fr-FR\",\"potentialAction\":[{\"@type\":\"ReadAction\",\"target\":[\"https:\/\/flyscoot.voyeglobal.com\/fr\/installation-guide\/\"]}]},{\"@type\":\"BreadcrumbList\",\"@id\":\"https:\/\/flyscoot.voyeglobal.com\/fr\/installation-guide\/#breadcrumb\",\"itemListElement\":[{\"@type\":\"ListItem\",\"position\":1,\"name\":\"Home\",\"item\":\"https:\/\/flyscoot.voyeglobal.com\/fr\/\"},{\"@type\":\"ListItem\",\"position\":2,\"name\":\"Guide d\u2019installation\"}]},{\"@type\":\"WebSite\",\"@id\":\"https:\/\/flyscoot.voyeglobal.com\/fr\/#website\",\"url\":\"https:\/\/flyscoot.voyeglobal.com\/fr\/\",\"name\":\"Flyscoot Voye Global\",\"description\":\"\",\"potentialAction\":[{\"@type\":\"SearchAction\",\"target\":{\"@type\":\"EntryPoint\",\"urlTemplate\":\"https:\/\/flyscoot.voyeglobal.com\/fr\/?s={search_term_string}\"},\"query-input\":{\"@type\":\"PropertyValueSpecification\",\"valueRequired\":true,\"valueName\":\"search_term_string\"}}],\"inLanguage\":\"fr-FR\"}]}<\/script>\n<!-- \/ Yoast SEO plugin. -->","yoast_head_json":{"title":"Guide d\u2019installation - Flyscoot","robots":{"index":"noindex","follow":"nofollow"},"og_locale":"fr_FR","og_type":"article","og_title":"Guide d\u2019installation - Flyscoot","og_description":"Trouvez des instructions d\u00e9taill\u00e9es, notamment une vid\u00e9o et des conseils importants sur la fa\u00e7on d\u2019installer votre eSIM sur votre appareil Android ou IOS","og_url":"https:\/\/flyscoot.voyeglobal.com\/fr\/installation-guide\/","og_site_name":"Flyscoot","article_modified_time":"2025-10-08T09:00:13+00:00","twitter_card":"summary_large_image","twitter_misc":{"Dur\u00e9e de lecture estim\u00e9e":"1 minute"},"schema":{"@context":"https:\/\/schema.org","@graph":[{"@type":"WebPage","@id":"https:\/\/flyscoot.voyeglobal.com\/fr\/installation-guide\/","url":"https:\/\/flyscoot.voyeglobal.com\/fr\/installation-guide\/","name":"Guide d\u2019installation - Flyscoot","isPartOf":{"@id":"https:\/\/flyscoot.voyeglobal.com\/fr\/#website"},"datePublished":"2025-02-26T10:20:48+00:00","dateModified":"2025-10-08T09:00:13+00:00","breadcrumb":{"@id":"https:\/\/flyscoot.voyeglobal.com\/fr\/installation-guide\/#breadcrumb"},"inLanguage":"fr-FR","potentialAction":[{"@type":"ReadAction","target":["https:\/\/flyscoot.voyeglobal.com\/fr\/installation-guide\/"]}]},{"@type":"BreadcrumbList","@id":"https:\/\/flyscoot.voyeglobal.com\/fr\/installation-guide\/#breadcrumb","itemListElement":[{"@type":"ListItem","position":1,"name":"Home","item":"https:\/\/flyscoot.voyeglobal.com\/fr\/"},{"@type":"ListItem","position":2,"name":"Guide d\u2019installation"}]},{"@type":"WebSite","@id":"https:\/\/flyscoot.voyeglobal.com\/fr\/#website","url":"https:\/\/flyscoot.voyeglobal.com\/fr\/","name":"Flyscoot Voye Global","description":"","potentialAction":[{"@type":"SearchAction","target":{"@type":"EntryPoint","urlTemplate":"https:\/\/flyscoot.voyeglobal.com\/fr\/?s={search_term_string}"},"query-input":{"@type":"PropertyValueSpecification","valueRequired":true,"valueName":"search_term_string"}}],"inLanguage":"fr-FR"}]}},"_links":{"self":[{"href":"https:\/\/flyscoot.voyeglobal.com\/fr\/wp-json\/wp\/v2\/pages\/103078","targetHints":{"allow":["GET"]}}],"collection":[{"href":"https:\/\/flyscoot.voyeglobal.com\/fr\/wp-json\/wp\/v2\/pages"}],"about":[{"href":"https:\/\/flyscoot.voyeglobal.com\/fr\/wp-json\/wp\/v2\/types\/page"}],"author":[{"embeddable":true,"href":"https:\/\/flyscoot.voyeglobal.com\/fr\/wp-json\/wp\/v2\/users\/528"}],"replies":[{"embeddable":true,"href":"https:\/\/flyscoot.voyeglobal.com\/fr\/wp-json\/wp\/v2\/comments?post=103078"}],"version-history":[{"count":6,"href":"https:\/\/flyscoot.voyeglobal.com\/fr\/wp-json\/wp\/v2\/pages\/103078\/revisions"}],"predecessor-version":[{"id":118875,"href":"https:\/\/flyscoot.voyeglobal.com\/fr\/wp-json\/wp\/v2\/pages\/103078\/revisions\/118875"}],"wp:attachment":[{"href":"https:\/\/flyscoot.voyeglobal.com\/fr\/wp-json\/wp\/v2\/media?parent=103078"}],"curies":[{"name":"wp","href":"https:\/\/api.w.org\/{rel}","templated":true}]}}