{"id":109338,"date":"2025-03-17T10:20:59","date_gmt":"2025-03-17T10:20:59","guid":{"rendered":"https:\/\/flyscoot.voyeglobal.com\/product\/perou-7-jours-illimite\/"},"modified":"2025-03-17T10:58:43","modified_gmt":"2025-03-17T10:58:43","slug":"perou-7-jours-illimite","status":"publish","type":"product","link":"https:\/\/flyscoot.voyeglobal.com\/fr\/product\/perou-7-jours-illimite\/","title":{"rendered":"P\u00e9rou &#8211; 7 jours &#8211; Illimit\u00e9"},"content":{"rendered":"","protected":false},"excerpt":{"rendered":"","protected":false},"featured_media":0,"comment_status":"closed","ping_status":"open","template":"","meta":{"_acf_changed":false},"product_brand":[],"product_cat":[838],"product_tag":[1584],"class_list":{"0":"post-109338","1":"product","2":"type-product","3":"status-publish","5":"product_cat-peru","6":"product_tag-unlimited-data","8":"first","9":"instock","10":"purchasable","11":"product-type-simple"},"acf":[],"yoast_head":"<!-- This site is optimized with the Yoast SEO plugin v25.6 - https:\/\/yoast.com\/wordpress\/plugins\/seo\/ -->\n<title>P\u00e9rou - 7 jours - Illimit\u00e9 - Flyscoot<\/title>\n<meta name=\"robots\" content=\"noindex, nofollow\" \/>\n<meta property=\"og:locale\" content=\"fr_FR\" \/>\n<meta property=\"og:type\" content=\"article\" \/>\n<meta property=\"og:title\" content=\"P\u00e9rou - 7 jours - Illimit\u00e9 - Flyscoot\" \/>\n<meta property=\"og:url\" content=\"https:\/\/flyscoot.voyeglobal.com\/fr\/product\/perou-7-jours-illimite\/\" \/>\n<meta property=\"og:site_name\" content=\"Flyscoot\" \/>\n<meta property=\"article:modified_time\" content=\"2025-03-17T10:58:43+00:00\" \/>\n<meta name=\"twitter:card\" content=\"summary_large_image\" \/>\n<script type=\"application\/ld+json\" class=\"yoast-schema-graph\">{\"@context\":\"https:\/\/schema.org\",\"@graph\":[{\"@type\":\"WebPage\",\"@id\":\"https:\/\/flyscoot.voyeglobal.com\/fr\/product\/perou-7-jours-illimite\/\",\"url\":\"https:\/\/flyscoot.voyeglobal.com\/fr\/product\/perou-7-jours-illimite\/\",\"name\":\"P\u00e9rou - 7 jours - Illimit\u00e9 - Flyscoot\",\"isPartOf\":{\"@id\":\"https:\/\/flyscoot.voyeglobal.com\/fr\/#website\"},\"datePublished\":\"2025-03-17T10:20:59+00:00\",\"dateModified\":\"2025-03-17T10:58:43+00:00\",\"breadcrumb\":{\"@id\":\"https:\/\/flyscoot.voyeglobal.com\/fr\/product\/perou-7-jours-illimite\/#breadcrumb\"},\"inLanguage\":\"fr-FR\",\"potentialAction\":[{\"@type\":\"ReadAction\",\"target\":[\"https:\/\/flyscoot.voyeglobal.com\/fr\/product\/perou-7-jours-illimite\/\"]}]},{\"@type\":\"BreadcrumbList\",\"@id\":\"https:\/\/flyscoot.voyeglobal.com\/fr\/product\/perou-7-jours-illimite\/#breadcrumb\",\"itemListElement\":[{\"@type\":\"ListItem\",\"position\":1,\"name\":\"Home\",\"item\":\"https:\/\/flyscoot.voyeglobal.com\/fr\/\"},{\"@type\":\"ListItem\",\"position\":2,\"name\":\"P\u00e9rou &#8211; 7 jours &#8211; Illimit\u00e9\"}]},{\"@type\":\"WebSite\",\"@id\":\"https:\/\/flyscoot.voyeglobal.com\/fr\/#website\",\"url\":\"https:\/\/flyscoot.voyeglobal.com\/fr\/\",\"name\":\"Flyscoot Voye Global\",\"description\":\"\",\"potentialAction\":[{\"@type\":\"SearchAction\",\"target\":{\"@type\":\"EntryPoint\",\"urlTemplate\":\"https:\/\/flyscoot.voyeglobal.com\/fr\/?s={search_term_string}\"},\"query-input\":{\"@type\":\"PropertyValueSpecification\",\"valueRequired\":true,\"valueName\":\"search_term_string\"}}],\"inLanguage\":\"fr-FR\"}]}<\/script>\n<!-- \/ Yoast SEO plugin. -->","yoast_head_json":{"title":"P\u00e9rou - 7 jours - Illimit\u00e9 - Flyscoot","robots":{"index":"noindex","follow":"nofollow"},"og_locale":"fr_FR","og_type":"article","og_title":"P\u00e9rou - 7 jours - Illimit\u00e9 - Flyscoot","og_url":"https:\/\/flyscoot.voyeglobal.com\/fr\/product\/perou-7-jours-illimite\/","og_site_name":"Flyscoot","article_modified_time":"2025-03-17T10:58:43+00:00","twitter_card":"summary_large_image","schema":{"@context":"https:\/\/schema.org","@graph":[{"@type":"WebPage","@id":"https:\/\/flyscoot.voyeglobal.com\/fr\/product\/perou-7-jours-illimite\/","url":"https:\/\/flyscoot.voyeglobal.com\/fr\/product\/perou-7-jours-illimite\/","name":"P\u00e9rou - 7 jours - Illimit\u00e9 - Flyscoot","isPartOf":{"@id":"https:\/\/flyscoot.voyeglobal.com\/fr\/#website"},"datePublished":"2025-03-17T10:20:59+00:00","dateModified":"2025-03-17T10:58:43+00:00","breadcrumb":{"@id":"https:\/\/flyscoot.voyeglobal.com\/fr\/product\/perou-7-jours-illimite\/#breadcrumb"},"inLanguage":"fr-FR","potentialAction":[{"@type":"ReadAction","target":["https:\/\/flyscoot.voyeglobal.com\/fr\/product\/perou-7-jours-illimite\/"]}]},{"@type":"BreadcrumbList","@id":"https:\/\/flyscoot.voyeglobal.com\/fr\/product\/perou-7-jours-illimite\/#breadcrumb","itemListElement":[{"@type":"ListItem","position":1,"name":"Home","item":"https:\/\/flyscoot.voyeglobal.com\/fr\/"},{"@type":"ListItem","position":2,"name":"P\u00e9rou &#8211; 7 jours &#8211; Illimit\u00e9"}]},{"@type":"WebSite","@id":"https:\/\/flyscoot.voyeglobal.com\/fr\/#website","url":"https:\/\/flyscoot.voyeglobal.com\/fr\/","name":"Flyscoot Voye Global","description":"","potentialAction":[{"@type":"SearchAction","target":{"@type":"EntryPoint","urlTemplate":"https:\/\/flyscoot.voyeglobal.com\/fr\/?s={search_term_string}"},"query-input":{"@type":"PropertyValueSpecification","valueRequired":true,"valueName":"search_term_string"}}],"inLanguage":"fr-FR"}]}},"_links":{"self":[{"href":"https:\/\/flyscoot.voyeglobal.com\/fr\/wp-json\/wp\/v2\/product\/109338","targetHints":{"allow":["GET"]}}],"collection":[{"href":"https:\/\/flyscoot.voyeglobal.com\/fr\/wp-json\/wp\/v2\/product"}],"about":[{"href":"https:\/\/flyscoot.voyeglobal.com\/fr\/wp-json\/wp\/v2\/types\/product"}],"replies":[{"embeddable":true,"href":"https:\/\/flyscoot.voyeglobal.com\/fr\/wp-json\/wp\/v2\/comments?post=109338"}],"wp:attachment":[{"href":"https:\/\/flyscoot.voyeglobal.com\/fr\/wp-json\/wp\/v2\/media?parent=109338"}],"wp:term":[{"taxonomy":"product_brand","embeddable":true,"href":"https:\/\/flyscoot.voyeglobal.com\/fr\/wp-json\/wp\/v2\/product_brand?post=109338"},{"taxonomy":"product_cat","embeddable":true,"href":"https:\/\/flyscoot.voyeglobal.com\/fr\/wp-json\/wp\/v2\/product_cat?post=109338"},{"taxonomy":"product_tag","embeddable":true,"href":"https:\/\/flyscoot.voyeglobal.com\/fr\/wp-json\/wp\/v2\/product_tag?post=109338"}],"curies":[{"name":"wp","href":"https:\/\/api.w.org\/{rel}","templated":true}]}}